{"id":18,"date":"2020-11-12T12:14:33","date_gmt":"2020-11-12T11:14:33","guid":{"rendered":"https:\/\/mashfamily.be\/?page_id=18"},"modified":"2023-10-30T11:40:10","modified_gmt":"2023-10-30T10:40:10","slug":"accueil","status":"publish","type":"page","link":"https:\/\/mashfamily.be\/","title":{"rendered":"Accueil"},"content":{"rendered":"<p>Retrouvez sur ce site les liens vers les blogs de nos diff\u00e9rents voyages.<\/p>\n<p><a href=\"https:\/\/mashfamily.be\/mash-usa2016\/\">USA 2016<\/a> : Trip de 3 mois effectu\u00e9 juste avant que les enfants ne rentrent en 1\u00e8re ann\u00e9e et que leur scolarit\u00e9 ne devienne obligatoire. L\u2019occasion \u00e9tait belle pour un break plus long en famille.<\/p>\n<p><a href=\"https:\/\/www.mashfamily.be\/islande2017\/\">Islande 2017<\/a> : Au programme de ces 17 jours: beaucoup de chutes d\u2019eau, quelques geysers, des volcans et des glaciers et surtout \u00e9norm\u00e9ment de noms impronon\u00e7ables. Nous emprunterons la route 1 qui fait le tour de l\u2019\u00eele et qui passe par la plupart des sites \u00e0 voir dans le pays.<\/p>\n<p><a href=\"https:\/\/mashfamily.be\/Japon2023\/\">Japon 2023<\/a> : Voyage d&rsquo;un peu plus de 6 semaines au pays du soleil levant. Pendant ce trip, nous avons eu l&rsquo;occasion de multiplier les transports (shinkansen, camping car, m\u00e9tro, &#8230;) et les endroits visit\u00e9s tout en restant sur l&rsquo;\u00eele principal.<\/p>\n<div id=\"ConnectiveDocSignExtentionInstalled\" data-extension-version=\"1.0.4\"><\/div>\n","protected":false},"excerpt":{"rendered":"<p>Retrouvez sur ce site les liens vers les blogs de nos diff\u00e9rents voyages. USA 2016 : Trip de 3 mois effectu\u00e9 juste avant que les enfants ne rentrent en 1\u00e8re ann\u00e9e et que leur scolarit\u00e9 ne devienne obligatoire. L\u2019occasion \u00e9tait belle pour un break plus long en famille. Islande 2017 : Au programme de ces [&hellip;]<\/p>\n","protected":false},"author":2,"featured_media":0,"parent":0,"menu_order":0,"comment_status":"closed","ping_status":"closed","template":"","meta":{"footnotes":""},"class_list":["post-18","page","type-page","status-publish","hentry","entry"],"_links":{"self":[{"href":"https:\/\/mashfamily.be\/index.php\/wp-json\/wp\/v2\/pages\/18","targetHints":{"allow":["GET"]}}],"collection":[{"href":"https:\/\/mashfamily.be\/index.php\/wp-json\/wp\/v2\/pages"}],"about":[{"href":"https:\/\/mashfamily.be\/index.php\/wp-json\/wp\/v2\/types\/page"}],"author":[{"embeddable":true,"href":"https:\/\/mashfamily.be\/index.php\/wp-json\/wp\/v2\/users\/2"}],"replies":[{"embeddable":true,"href":"https:\/\/mashfamily.be\/index.php\/wp-json\/wp\/v2\/comments?post=18"}],"version-history":[{"count":6,"href":"https:\/\/mashfamily.be\/index.php\/wp-json\/wp\/v2\/pages\/18\/revisions"}],"predecessor-version":[{"id":78,"href":"https:\/\/mashfamily.be\/index.php\/wp-json\/wp\/v2\/pages\/18\/revisions\/78"}],"wp:attachment":[{"href":"https:\/\/mashfamily.be\/index.php\/wp-json\/wp\/v2\/media?parent=18"}],"curies":[{"name":"wp","href":"https:\/\/api.w.org\/{rel}","templated":true}]}}